{"id":615,"date":"2025-03-12T18:12:16","date_gmt":"2025-03-12T17:12:16","guid":{"rendered":"https:\/\/cristinahernandez.art\/sobre-mi\/"},"modified":"2026-03-17T19:49:01","modified_gmt":"2026-03-17T18:49:01","slug":"sobre-mi","status":"publish","type":"page","link":"https:\/\/cristinahernandez.art\/es\/sobre-mi\/","title":{"rendered":"Sobre m\u00ed"},"content":{"rendered":"\t\t<div data-elementor-type=\"wp-page\" data-elementor-id=\"615\" class=\"elementor elementor-615 elementor-99\" data-elementor-post-type=\"page\">\n\t\t\t\t<div class=\"elementor-element elementor-element-9069793 e-flex e-con-boxed e-con e-parent\" data-id=\"9069793\" data-element_type=\"container\" data-e-type=\"container\">\n\t\t\t\t\t<div class=\"e-con-inner\">\n\t\t<div class=\"elementor-element elementor-element-4caeddb e-con-full e-flex e-con e-child\" data-id=\"4caeddb\" data-element_type=\"container\" data-e-type=\"container\">\n\t\t\t\t<div class=\"elementor-element elementor-element-cee7c91 elementor-widget elementor-widget-image\" data-id=\"cee7c91\" data-element_type=\"widget\" data-e-type=\"widget\" data-widget_type=\"image.default\">\n\t\t\t\t\t\t\t\t\t\t\t\t\t\t\t<img fetchpriority=\"high\" decoding=\"async\" width=\"800\" height=\"923\" src=\"https:\/\/cristinahernandez.art\/wp-content\/uploads\/2026\/01\/cristinahernandezmontero-888x1024.jpg\" class=\"attachment-large size-large wp-image-1588\" alt=\"\" srcset=\"https:\/\/cristinahernandez.art\/wp-content\/uploads\/2026\/01\/cristinahernandezmontero-888x1024.jpg 888w, https:\/\/cristinahernandez.art\/wp-content\/uploads\/2026\/01\/cristinahernandezmontero-260x300.jpg 260w, https:\/\/cristinahernandez.art\/wp-content\/uploads\/2026\/01\/cristinahernandezmontero-768x886.jpg 768w, https:\/\/cristinahernandez.art\/wp-content\/uploads\/2026\/01\/cristinahernandezmontero-1331x1536.jpg 1331w, https:\/\/cristinahernandez.art\/wp-content\/uploads\/2026\/01\/cristinahernandezmontero.jpg 1386w\" sizes=\"(max-width: 800px) 100vw, 800px\" \/>\t\t\t\t\t\t\t\t\t\t\t\t\t\t\t<\/div>\n\t\t\t\t<\/div>\n\t\t<div class=\"elementor-element elementor-element-361019d e-con-full e-flex e-con e-child\" data-id=\"361019d\" data-element_type=\"container\" data-e-type=\"container\">\n\t\t<div class=\"elementor-element elementor-element-910610f e-con-full e-flex e-con e-child\" data-id=\"910610f\" data-element_type=\"container\" data-e-type=\"container\">\n\t\t\t\t<div class=\"elementor-element elementor-element-1603083 elementor-widget elementor-widget-heading\" data-id=\"1603083\" data-element_type=\"widget\" data-e-type=\"widget\" data-widget_type=\"heading.default\">\n\t\t\t\t\t<h1 class=\"elementor-heading-title elementor-size-default\">Sobre m\u00ed<\/h1>\t\t\t\t<\/div>\n\t\t\t\t<div class=\"elementor-element elementor-element-f7a9b9e elementor-widget elementor-widget-text-editor\" data-id=\"f7a9b9e\" data-element_type=\"widget\" data-e-type=\"widget\" data-widget_type=\"text-editor.default\">\n\t\t\t\t\t\t\t\t\t<p>Soy Cristina Hern\u00e1ndez, artista interdisciplinar de Barcelona. <br> Creo en el poder del arte y la naturaleza, y en la belleza de los peque\u00f1os detalles para comunicar y conectar profundamente a trav\u00e9s de diversas formas, lenguajes y formatos.<\/p><p>Con experiencia en dise\u00f1o gr\u00e1fico y direcci\u00f3n de arte, mi pr\u00e1ctica art\u00edstica se ha desarrollado en Espa\u00f1a, Australia y el Reino Unido. <br> Trabajo desde el dise\u00f1o conceptual hacia la materializaci\u00f3n de ideas en distintos medios, incluyendo escultura en vidrio y cer\u00e1mica, instalaciones art\u00edsticas, dise\u00f1o floral, fotograf\u00eda y arte digital. Mi obra explora la relaci\u00f3n entre naturaleza y percepci\u00f3n, dando lugar a piezas, espacios o im\u00e1genes de car\u00e1cter on\u00edrico que difuminan las fronteras entre la realidad y la imaginaci\u00f3n.<\/p>\t\t\t\t\t\t\t\t<\/div>\n\t\t\t\t<\/div>\n\t\t<div class=\"elementor-element elementor-element-e0473ad e-con-full e-flex e-con e-child\" data-id=\"e0473ad\" data-element_type=\"container\" data-e-type=\"container\">\n\t\t\t\t<div class=\"elementor-element elementor-element-6efae84 elementor-widget__width-initial elementor-widget elementor-widget-text-editor\" data-id=\"6efae84\" data-element_type=\"widget\" data-e-type=\"widget\" data-widget_type=\"text-editor.default\">\n\t\t\t\t\t\t\t\t\t<p><i>\u00abCreo en el poder del arte y la naturaleza, y en la belleza de los peque\u00f1os detalles, para comunicar y conectar profundamente a trav\u00e9s de diversas formas y disciplinas\u00bb.<\/i><\/p>\t\t\t\t\t\t\t\t<\/div>\n\t\t\t\t<\/div>\n\t\t\t\t<\/div>\n\t\t<div class=\"elementor-element elementor-element-b07f2b5 e-con-full e-flex e-con e-child\" data-id=\"b07f2b5\" data-element_type=\"container\" data-e-type=\"container\">\n\t\t\t\t<div class=\"elementor-element elementor-element-0bc1683 elementor-widget__width-initial elementor-widget elementor-widget-video\" data-id=\"0bc1683\" data-element_type=\"widget\" data-e-type=\"widget\" data-settings=\"{&quot;video_type&quot;:&quot;hosted&quot;,&quot;controls&quot;:&quot;yes&quot;}\" data-widget_type=\"video.default\">\n\t\t\t\t\t\t\t<div class=\"e-hosted-video elementor-wrapper elementor-open-inline\">\n\t\t\t\t\t<video class=\"elementor-video\" src=\"https:\/\/cristinahernandez.art\/wp-content\/uploads\/2026\/01\/expo-cris.mp4\" controls=\"\" preload=\"metadata\" controlsList=\"nodownload\" poster=\"https:\/\/cristinahernandez.art\/wp-content\/uploads\/2026\/01\/cristinahernandez_04.jpg\"><\/video>\n\t\t\t\t<\/div>\n\t\t\t\t\t\t<\/div>\n\t\t\t\t<\/div>\n\t\t\t\t\t<\/div>\n\t\t\t\t<\/div>\n\t\t\t\t<\/div>\n\t\t","protected":false},"excerpt":{"rendered":"<p>Sobre m\u00ed Soy Cristina Hern\u00e1ndez, artista interdisciplinar de Barcelona. Creo en el poder del arte y la naturaleza, y en la belleza de los peque\u00f1os detalles para comunicar y conectar profundamente a trav\u00e9s de diversas formas, lenguajes y formatos. Con experiencia en dise\u00f1o gr\u00e1fico y direcci\u00f3n de arte, mi pr\u00e1ctica art\u00edstica se ha desarrollado en [&hellip;]<\/p>\n","protected":false},"author":1,"featured_media":411,"parent":0,"menu_order":0,"comment_status":"closed","ping_status":"closed","template":"","meta":{"_acf_changed":false,"footnotes":""},"class_list":["post-615","page","type-page","status-publish","has-post-thumbnail","hentry"],"acf":[],"_links":{"self":[{"href":"https:\/\/cristinahernandez.art\/es\/wp-json\/wp\/v2\/pages\/615","targetHints":{"allow":["GET"]}}],"collection":[{"href":"https:\/\/cristinahernandez.art\/es\/wp-json\/wp\/v2\/pages"}],"about":[{"href":"https:\/\/cristinahernandez.art\/es\/wp-json\/wp\/v2\/types\/page"}],"author":[{"embeddable":true,"href":"https:\/\/cristinahernandez.art\/es\/wp-json\/wp\/v2\/users\/1"}],"replies":[{"embeddable":true,"href":"https:\/\/cristinahernandez.art\/es\/wp-json\/wp\/v2\/comments?post=615"}],"version-history":[{"count":10,"href":"https:\/\/cristinahernandez.art\/es\/wp-json\/wp\/v2\/pages\/615\/revisions"}],"predecessor-version":[{"id":1904,"href":"https:\/\/cristinahernandez.art\/es\/wp-json\/wp\/v2\/pages\/615\/revisions\/1904"}],"wp:featuredmedia":[{"embeddable":true,"href":"https:\/\/cristinahernandez.art\/es\/wp-json\/wp\/v2\/media\/411"}],"wp:attachment":[{"href":"https:\/\/cristinahernandez.art\/es\/wp-json\/wp\/v2\/media?parent=615"}],"curies":[{"name":"wp","href":"https:\/\/api.w.org\/{rel}","templated":true}]}}