{"id":610,"date":"2025-03-12T15:13:55","date_gmt":"2025-03-12T14:13:55","guid":{"rendered":"https:\/\/cristinahernandez.art\/cristina-hernandez-arte\/"},"modified":"2026-01-27T13:32:04","modified_gmt":"2026-01-27T12:32:04","slug":"cristina-hernandez-arte","status":"publish","type":"page","link":"https:\/\/cristinahernandez.art\/es\/","title":{"rendered":"Cristina Hernandez Art"},"content":{"rendered":"\t\t<div data-elementor-type=\"wp-page\" data-elementor-id=\"610\" class=\"elementor elementor-610 elementor-9\" data-elementor-post-type=\"page\">\n\t\t\t\t<div class=\"elementor-element elementor-element-180aa02 e-con-full e-flex e-con e-parent\" data-id=\"180aa02\" data-element_type=\"container\" data-e-type=\"container\" data-settings=\"{&quot;background_background&quot;:&quot;classic&quot;}\">\n\t\t\t\t<\/div>\n\t\t<div class=\"elementor-element elementor-element-f0d3df8 e-con-full e-flex e-con e-child\" data-id=\"f0d3df8\" data-element_type=\"container\" data-e-type=\"container\" data-settings=\"{&quot;background_background&quot;:&quot;classic&quot;}\">\n\t\t\t\t<div class=\"elementor-element elementor-element-95980a1 elementor-widget elementor-widget-html\" data-id=\"95980a1\" data-element_type=\"widget\" data-e-type=\"widget\" data-widget_type=\"html.default\">\n\t\t\t\t\t<script>function Marquee(selector, speed) {\n  const parent = document.querySelector(selector);\n  const clone = parent.innerHTML;\n  let i = 0;\n  parent.innerHTML += clone;\n\n  setInterval(() => {\n    i += speed;\n    if (i >= parent.children[0].clientWidth) i = 0;\n    parent.children[0].style.marginLeft = `-${i}px`;\n  }, 0);\n}\n\nwindow.addEventListener('load', () => Marquee('.marquee', .2));\n<\/script>\t\t\t\t<\/div>\n\t\t<div class=\"elementor-element elementor-element-892cbfd e-con-full sliding-text e-flex e-con e-child\" data-id=\"892cbfd\" data-element_type=\"container\" data-e-type=\"container\">\n\t\t\t\t<div class=\"elementor-element elementor-element-b022535 marquee elementor-widget elementor-widget-heading\" data-id=\"b022535\" data-element_type=\"widget\" data-e-type=\"widget\" data-widget_type=\"heading.default\">\n\t\t\t\t\t<h4 class=\"elementor-heading-title elementor-size-default\">Arte \u00b7 Dise\u00f1o floral \u00b7 T\u00e9cnica mixta \u00b7 Direcci\u00f3n creativa \u00b7 Dise\u00f1o digital \u00b7 Arte conceptual \u00b7 Escultura en vidrio \u00b7 Instalaciones art\u00edsticas \u00b7 Experimentaci\u00f3n con materiales \u00b7 Fotograf\u00eda \u00b7 Escultura en cer\u00e1mica \u00b7 Arte \u00b7 Dise\u00f1o floral \u00b7 T\u00e9cnica mixta \u00b7 Direcci\u00f3n creativa \u00b7 Dise\u00f1o digital \u00b7 Arte conceptual \u00b7 Escultura en vidrio \u00b7 Instalaciones art\u00edsticas \u00b7 Experimentaci\u00f3n con materiales \u00b7 Fotograf\u00eda \u00b7 Escultura en cer\u00e1mica \u00b7 <\/h4>\t\t\t\t<\/div>\n\t\t\t\t<\/div>\n\t\t\t\t<\/div>\n\t\t<div class=\"elementor-element elementor-element-5dc16b9 e-con-full e-flex e-con e-parent\" data-id=\"5dc16b9\" data-element_type=\"container\" data-e-type=\"container\">\n\t\t<div class=\"elementor-element elementor-element-61df2b5 e-con-full elementor-hidden-mobile e-flex e-con e-child\" data-id=\"61df2b5\" data-element_type=\"container\" data-e-type=\"container\">\n\t\t\t\t<\/div>\n\t\t<div class=\"elementor-element elementor-element-74aab6c e-con-full e-flex e-con e-child\" data-id=\"74aab6c\" data-element_type=\"container\" data-e-type=\"container\">\n\t\t\t\t<div class=\"elementor-element elementor-element-8e0af79 elementor-widget elementor-widget-image\" data-id=\"8e0af79\" data-element_type=\"widget\" data-e-type=\"widget\" data-widget_type=\"image.default\">\n\t\t\t\t\t\t\t\t\t\t\t\t\t\t\t<img fetchpriority=\"high\" decoding=\"async\" width=\"793\" height=\"1000\" src=\"https:\/\/cristinahernandez.art\/wp-content\/uploads\/2025\/09\/cristina_art_08.jpg\" class=\"attachment-full size-full wp-image-741\" alt=\"Cristina Hern\u00e1ndez\" srcset=\"https:\/\/cristinahernandez.art\/wp-content\/uploads\/2025\/09\/cristina_art_08.jpg 793w, https:\/\/cristinahernandez.art\/wp-content\/uploads\/2025\/09\/cristina_art_08-238x300.jpg 238w, https:\/\/cristinahernandez.art\/wp-content\/uploads\/2025\/09\/cristina_art_08-768x968.jpg 768w\" sizes=\"(max-width: 793px) 100vw, 793px\" \/>\t\t\t\t\t\t\t\t\t\t\t\t\t\t\t<\/div>\n\t\t\t\t<\/div>\n\t\t<div class=\"elementor-element elementor-element-b69d79e e-con-full e-flex e-con e-child\" data-id=\"b69d79e\" data-element_type=\"container\" data-e-type=\"container\">\n\t\t\t\t<div class=\"elementor-element elementor-element-5e59a51 animated-fast elementor-invisible elementor-widget elementor-widget-heading\" data-id=\"5e59a51\" data-element_type=\"widget\" data-e-type=\"widget\" data-settings=\"{&quot;_animation&quot;:&quot;fadeInUp&quot;}\" data-widget_type=\"heading.default\">\n\t\t\t\t\t<h4 class=\"elementor-heading-title elementor-size-default\">Naturaleza,<\/h4>\t\t\t\t<\/div>\n\t\t\t\t<div class=\"elementor-element elementor-element-afca2f0 animated-fast elementor-invisible elementor-widget elementor-widget-heading\" data-id=\"afca2f0\" data-element_type=\"widget\" data-e-type=\"widget\" data-settings=\"{&quot;_animation&quot;:&quot;fadeInUp&quot;,&quot;_animation_delay&quot;:100}\" data-widget_type=\"heading.default\">\n\t\t\t\t\t<h4 class=\"elementor-heading-title elementor-size-default\">Forma,<\/h4>\t\t\t\t<\/div>\n\t\t\t\t<div class=\"elementor-element elementor-element-c4d2f9d animated-fast elementor-invisible elementor-widget elementor-widget-heading\" data-id=\"c4d2f9d\" data-element_type=\"widget\" data-e-type=\"widget\" data-settings=\"{&quot;_animation&quot;:&quot;fadeInUp&quot;,&quot;_animation_delay&quot;:200}\" data-widget_type=\"heading.default\">\n\t\t\t\t\t<h4 class=\"elementor-heading-title elementor-size-default\">Experimentaci\u00f3n<\/h4>\t\t\t\t<\/div>\n\t\t\t\t<div class=\"elementor-element elementor-element-e2ee492 elementor-widget__width-initial elementor-widget elementor-widget-text-editor\" data-id=\"e2ee492\" data-element_type=\"widget\" data-e-type=\"widget\" data-widget_type=\"text-editor.default\">\n\t\t\t\t\t\t\t\t\t<p>Me interesa experimentar con materiales y ver la poes\u00eda de la naturaleza con otra mirada, inspirando reflexi\u00f3n sobre nuestra conexi\u00f3n con ella. Mi pr\u00e1ctica interdisciplinaria abarca dise\u00f1o conceptual, escultura en vidrio y cer\u00e1mica, dise\u00f1o floral, fotograf\u00eda y arte digital.<\/p><p>Mediante la exploraci\u00f3n de nuevas t\u00e9cnicas y materiales, descubro la delicada belleza de las flores y las formas naturales, creando im\u00e1genes y objetos que difuminan los l\u00edmites entre la realidad y la imaginaci\u00f3n.<\/p>\t\t\t\t\t\t\t\t<\/div>\n\t\t\t\t<\/div>\n\t\t<div class=\"elementor-element elementor-element-c4d6b16 e-con-full e-flex e-con e-child\" data-id=\"c4d6b16\" data-element_type=\"container\" data-e-type=\"container\">\n\t\t\t\t<div class=\"elementor-element elementor-element-33d72f7 elementor-widget__width-initial elementor-widget-mobile__width-inherit elementor-widget elementor-widget-image-carousel\" data-id=\"33d72f7\" data-element_type=\"widget\" data-e-type=\"widget\" data-settings=\"{&quot;slides_to_show&quot;:&quot;1&quot;,&quot;navigation&quot;:&quot;none&quot;,&quot;autoplay_speed&quot;:2000,&quot;effect&quot;:&quot;fade&quot;,&quot;speed&quot;:1,&quot;autoplay&quot;:&quot;yes&quot;,&quot;infinite&quot;:&quot;yes&quot;}\" data-widget_type=\"image-carousel.default\">\n\t\t\t\t\t\t\t<div class=\"elementor-image-carousel-wrapper swiper\" role=\"region\" aria-roledescription=\"carousel\" aria-label=\"Image Carousel\" dir=\"ltr\">\n\t\t\t<div class=\"elementor-image-carousel swiper-wrapper\" aria-live=\"off\">\n\t\t\t\t\t\t\t\t<div class=\"swiper-slide\" role=\"group\" aria-roledescription=\"slide\" aria-label=\"1 de 3\"><figure class=\"swiper-slide-inner\"><img decoding=\"async\" class=\"swiper-slide-image\" src=\"https:\/\/cristinahernandez.art\/wp-content\/uploads\/2025\/09\/cristina_art_01.jpg\" alt=\"Cristina Hern\u00e1ndez Art\" \/><\/figure><\/div><div class=\"swiper-slide\" role=\"group\" aria-roledescription=\"slide\" aria-label=\"2 de 3\"><figure class=\"swiper-slide-inner\"><img decoding=\"async\" class=\"swiper-slide-image\" src=\"https:\/\/cristinahernandez.art\/wp-content\/uploads\/2025\/09\/cristina_art_02.jpg\" alt=\"Cristina Hern\u00e1ndez Art\" \/><\/figure><\/div><div class=\"swiper-slide\" role=\"group\" aria-roledescription=\"slide\" aria-label=\"3 de 3\"><figure class=\"swiper-slide-inner\"><img decoding=\"async\" class=\"swiper-slide-image\" src=\"https:\/\/cristinahernandez.art\/wp-content\/uploads\/2025\/09\/cristina_art_03.jpg\" alt=\"Cristina Hern\u00e1ndez Art\" \/><\/figure><\/div>\t\t\t<\/div>\n\t\t\t\t\t\t\t\n\t\t\t\t\t\t\t\t\t<\/div>\n\t\t\t\t\t\t<\/div>\n\t\t\t\t<\/div>\n\t\t\t\t<\/div>\n\t\t<div class=\"elementor-element elementor-element-59bcea2 e-con-full e-flex e-con e-parent\" data-id=\"59bcea2\" data-element_type=\"container\" data-e-type=\"container\">\n\t\t<div class=\"elementor-element elementor-element-fdd2c9c e-con-full elementor-hidden-mobile e-flex e-con e-child\" data-id=\"fdd2c9c\" data-element_type=\"container\" data-e-type=\"container\">\n\t\t\t\t<\/div>\n\t\t<div class=\"elementor-element elementor-element-5c63dbf e-con-full e-flex e-con e-child\" data-id=\"5c63dbf\" data-element_type=\"container\" data-e-type=\"container\">\n\t\t\t\t<div class=\"elementor-element elementor-element-9866fd7 elementor-widget elementor-widget-image\" data-id=\"9866fd7\" data-element_type=\"widget\" data-e-type=\"widget\" data-widget_type=\"image.default\">\n\t\t\t\t\t\t\t\t\t\t\t\t\t\t\t<img decoding=\"async\" width=\"690\" height=\"1000\" src=\"https:\/\/cristinahernandez.art\/wp-content\/uploads\/2025\/09\/cristina_art_04.jpg\" class=\"attachment-full size-full wp-image-711\" alt=\"Cristina Hern\u00e1ndez Art\" srcset=\"https:\/\/cristinahernandez.art\/wp-content\/uploads\/2025\/09\/cristina_art_04.jpg 690w, https:\/\/cristinahernandez.art\/wp-content\/uploads\/2025\/09\/cristina_art_04-207x300.jpg 207w\" sizes=\"(max-width: 690px) 100vw, 690px\" \/>\t\t\t\t\t\t\t\t\t\t\t\t\t\t\t<\/div>\n\t\t\t\t<\/div>\n\t\t<div class=\"elementor-element elementor-element-bebb207 e-con-full e-flex e-con e-child\" data-id=\"bebb207\" data-element_type=\"container\" data-e-type=\"container\">\n\t\t\t\t<div class=\"elementor-element elementor-element-e7c316f elementor-widget__width-initial elementor-widget elementor-widget-video\" data-id=\"e7c316f\" data-element_type=\"widget\" data-e-type=\"widget\" data-settings=\"{&quot;video_type&quot;:&quot;hosted&quot;,&quot;autoplay&quot;:&quot;yes&quot;,&quot;play_on_mobile&quot;:&quot;yes&quot;,&quot;loop&quot;:&quot;yes&quot;,&quot;mute&quot;:&quot;yes&quot;}\" data-widget_type=\"video.default\">\n\t\t\t\t\t\t\t<div class=\"e-hosted-video elementor-wrapper elementor-open-inline\">\n\t\t\t\t\t<video class=\"elementor-video\" src=\"https:\/\/cristinahernandez.art\/wp-content\/uploads\/2025\/09\/art.mov\" autoplay=\"\" loop=\"\" muted=\"muted\" playsinline=\"\" controlsList=\"nodownload\"><\/video>\n\t\t\t\t<\/div>\n\t\t\t\t\t\t<\/div>\n\t\t\t\t<\/div>\n\t\t<div class=\"elementor-element elementor-element-062d0ab e-con-full e-flex e-con e-child\" data-id=\"062d0ab\" data-element_type=\"container\" data-e-type=\"container\">\n\t\t\t\t<div class=\"elementor-element elementor-element-e5aad6b elementor-widget__width-initial elementor-widget elementor-widget-image-carousel\" data-id=\"e5aad6b\" data-element_type=\"widget\" data-e-type=\"widget\" data-settings=\"{&quot;slides_to_show&quot;:&quot;1&quot;,&quot;navigation&quot;:&quot;none&quot;,&quot;autoplay_speed&quot;:2000,&quot;effect&quot;:&quot;fade&quot;,&quot;speed&quot;:1,&quot;autoplay&quot;:&quot;yes&quot;,&quot;infinite&quot;:&quot;yes&quot;}\" data-widget_type=\"image-carousel.default\">\n\t\t\t\t\t\t\t<div class=\"elementor-image-carousel-wrapper swiper\" role=\"region\" aria-roledescription=\"carousel\" aria-label=\"Image Carousel\" dir=\"ltr\">\n\t\t\t<div class=\"elementor-image-carousel swiper-wrapper\" aria-live=\"off\">\n\t\t\t\t\t\t\t\t<div class=\"swiper-slide\" role=\"group\" aria-roledescription=\"slide\" aria-label=\"1 de 3\"><figure class=\"swiper-slide-inner\"><img decoding=\"async\" class=\"swiper-slide-image\" src=\"https:\/\/cristinahernandez.art\/wp-content\/uploads\/2025\/09\/cristina_art_05.jpg\" alt=\"Cristina Hern\u00e1ndez Art\" \/><\/figure><\/div><div class=\"swiper-slide\" role=\"group\" aria-roledescription=\"slide\" aria-label=\"2 de 3\"><figure class=\"swiper-slide-inner\"><img decoding=\"async\" class=\"swiper-slide-image\" src=\"https:\/\/cristinahernandez.art\/wp-content\/uploads\/2025\/09\/cristina_art_06.jpg\" alt=\"Cristina Hern\u00e1ndez Art\" \/><\/figure><\/div><div class=\"swiper-slide\" role=\"group\" aria-roledescription=\"slide\" aria-label=\"3 de 3\"><figure class=\"swiper-slide-inner\"><img decoding=\"async\" class=\"swiper-slide-image\" src=\"https:\/\/cristinahernandez.art\/wp-content\/uploads\/2025\/09\/cristina_art_07.jpg\" alt=\"Cristina Hern\u00e1ndez Art\" \/><\/figure><\/div>\t\t\t<\/div>\n\t\t\t\t\t\t\t\n\t\t\t\t\t\t\t\t\t<\/div>\n\t\t\t\t\t\t<\/div>\n\t\t\t\t<\/div>\n\t\t\t\t<\/div>\n\t\t\t\t<\/div>\n\t\t","protected":false},"excerpt":{"rendered":"<p>Arte \u00b7 Dise\u00f1o floral \u00b7 T\u00e9cnica mixta \u00b7 Direcci\u00f3n creativa \u00b7 Dise\u00f1o digital \u00b7 Arte conceptual \u00b7 Escultura en vidrio \u00b7 Instalaciones art\u00edsticas \u00b7 Experimentaci\u00f3n con materiales \u00b7 Fotograf\u00eda \u00b7 Escultura en cer\u00e1mica \u00b7 Arte \u00b7 Dise\u00f1o floral \u00b7 T\u00e9cnica mixta \u00b7 Direcci\u00f3n creativa \u00b7 Dise\u00f1o digital \u00b7 Arte conceptual \u00b7 Escultura en vidrio \u00b7 [&hellip;]<\/p>\n","protected":false},"author":1,"featured_media":149,"parent":0,"menu_order":0,"comment_status":"closed","ping_status":"closed","template":"","meta":{"_acf_changed":false,"footnotes":""},"class_list":["post-610","page","type-page","status-publish","has-post-thumbnail","hentry"],"acf":[],"_links":{"self":[{"href":"https:\/\/cristinahernandez.art\/es\/wp-json\/wp\/v2\/pages\/610","targetHints":{"allow":["GET"]}}],"collection":[{"href":"https:\/\/cristinahernandez.art\/es\/wp-json\/wp\/v2\/pages"}],"about":[{"href":"https:\/\/cristinahernandez.art\/es\/wp-json\/wp\/v2\/types\/page"}],"author":[{"embeddable":true,"href":"https:\/\/cristinahernandez.art\/es\/wp-json\/wp\/v2\/users\/1"}],"replies":[{"embeddable":true,"href":"https:\/\/cristinahernandez.art\/es\/wp-json\/wp\/v2\/comments?post=610"}],"version-history":[{"count":14,"href":"https:\/\/cristinahernandez.art\/es\/wp-json\/wp\/v2\/pages\/610\/revisions"}],"predecessor-version":[{"id":1799,"href":"https:\/\/cristinahernandez.art\/es\/wp-json\/wp\/v2\/pages\/610\/revisions\/1799"}],"wp:featuredmedia":[{"embeddable":true,"href":"https:\/\/cristinahernandez.art\/es\/wp-json\/wp\/v2\/media\/149"}],"wp:attachment":[{"href":"https:\/\/cristinahernandez.art\/es\/wp-json\/wp\/v2\/media?parent=610"}],"curies":[{"name":"wp","href":"https:\/\/api.w.org\/{rel}","templated":true}]}}