{"id":611,"date":"2025-03-12T18:12:16","date_gmt":"2025-03-12T17:12:16","guid":{"rendered":"https:\/\/cristinahernandez.art\/sobre-mi\/"},"modified":"2026-03-17T19:48:10","modified_gmt":"2026-03-17T18:48:10","slug":"sobre-mi","status":"publish","type":"page","link":"https:\/\/cristinahernandez.art\/ca\/sobre-mi\/","title":{"rendered":"Sobre mi"},"content":{"rendered":"\t\t<div data-elementor-type=\"wp-page\" data-elementor-id=\"611\" class=\"elementor elementor-611 elementor-99\" data-elementor-post-type=\"page\">\n\t\t\t\t<div class=\"elementor-element elementor-element-9069793 e-flex e-con-boxed e-con e-parent\" data-id=\"9069793\" data-element_type=\"container\" data-e-type=\"container\">\n\t\t\t\t\t<div class=\"e-con-inner\">\n\t\t<div class=\"elementor-element elementor-element-4caeddb e-con-full e-flex e-con e-child\" data-id=\"4caeddb\" data-element_type=\"container\" data-e-type=\"container\">\n\t\t\t\t<div class=\"elementor-element elementor-element-cee7c91 elementor-widget elementor-widget-image\" data-id=\"cee7c91\" data-element_type=\"widget\" data-e-type=\"widget\" data-widget_type=\"image.default\">\n\t\t\t\t\t\t\t\t\t\t\t\t\t\t\t<img fetchpriority=\"high\" decoding=\"async\" width=\"800\" height=\"923\" src=\"https:\/\/cristinahernandez.art\/wp-content\/uploads\/2026\/01\/cristinahernandezmontero-888x1024.jpg\" class=\"attachment-large size-large wp-image-1586\" alt=\"\" srcset=\"https:\/\/cristinahernandez.art\/wp-content\/uploads\/2026\/01\/cristinahernandezmontero-888x1024.jpg 888w, https:\/\/cristinahernandez.art\/wp-content\/uploads\/2026\/01\/cristinahernandezmontero-260x300.jpg 260w, https:\/\/cristinahernandez.art\/wp-content\/uploads\/2026\/01\/cristinahernandezmontero-768x886.jpg 768w, https:\/\/cristinahernandez.art\/wp-content\/uploads\/2026\/01\/cristinahernandezmontero-1331x1536.jpg 1331w, https:\/\/cristinahernandez.art\/wp-content\/uploads\/2026\/01\/cristinahernandezmontero.jpg 1386w\" sizes=\"(max-width: 800px) 100vw, 800px\" \/>\t\t\t\t\t\t\t\t\t\t\t\t\t\t\t<\/div>\n\t\t\t\t<\/div>\n\t\t<div class=\"elementor-element elementor-element-361019d e-con-full e-flex e-con e-child\" data-id=\"361019d\" data-element_type=\"container\" data-e-type=\"container\">\n\t\t<div class=\"elementor-element elementor-element-910610f e-con-full e-flex e-con e-child\" data-id=\"910610f\" data-element_type=\"container\" data-e-type=\"container\">\n\t\t\t\t<div class=\"elementor-element elementor-element-1603083 elementor-widget elementor-widget-heading\" data-id=\"1603083\" data-element_type=\"widget\" data-e-type=\"widget\" data-widget_type=\"heading.default\">\n\t\t\t\t\t<h1 class=\"elementor-heading-title elementor-size-default\">Sobre mi<\/h1>\t\t\t\t<\/div>\n\t\t\t\t<div class=\"elementor-element elementor-element-f7a9b9e elementor-widget elementor-widget-text-editor\" data-id=\"f7a9b9e\" data-element_type=\"widget\" data-e-type=\"widget\" data-widget_type=\"text-editor.default\">\n\t\t\t\t\t\t\t\t\t<p>S\u00f3c Cristina Hern\u00e1ndez, artista interdisciplin\u00e0ria de Barcelona. Crec en el poder de l\u2019art i la natura, i en la bellesa dels petits detalls per comunicar i connectar profundament a trav\u00e9s de diverses formes, llenguatges i formats.<\/p><p>Amb experi\u00e8ncia en disseny gr\u00e0fic i direcci\u00f3 d\u2019art, la meva pr\u00e0ctica art\u00edstica s\u2019ha desenvolupat a Espanya, Austr\u00e0lia i el Regne Unit. Treballo des del disseny conceptual cap a la materialitzaci\u00f3 d\u2019idees en diferents mitjans, incloent-hi escultura en vidre i cer\u00e0mica, instal\u00b7lacions art\u00edstiques, disseny floral, fotografia i art digital. La meva obra explora la relaci\u00f3 entre naturalesa i percepci\u00f3, donant lloc a peces, espais o imatges de car\u00e0cter on\u00edric que difuminen les fronteres entre realitat i imaginaci\u00f3.<\/p>\t\t\t\t\t\t\t\t<\/div>\n\t\t\t\t<\/div>\n\t\t<div class=\"elementor-element elementor-element-e0473ad e-con-full e-flex e-con e-child\" data-id=\"e0473ad\" data-element_type=\"container\" data-e-type=\"container\">\n\t\t\t\t<div class=\"elementor-element elementor-element-6efae84 elementor-widget__width-initial elementor-widget elementor-widget-text-editor\" data-id=\"6efae84\" data-element_type=\"widget\" data-e-type=\"widget\" data-widget_type=\"text-editor.default\">\n\t\t\t\t\t\t\t\t\t<p><i>&#8220;Crec en el poder de l&#8217;art i la natura, i en la bellesa dels petits detalls, per comunicar-se i connectar profundament a trav\u00e9s de diverses formes i disciplines.&#8221;<\/i><\/p>\t\t\t\t\t\t\t\t<\/div>\n\t\t\t\t<\/div>\n\t\t\t\t<\/div>\n\t\t<div class=\"elementor-element elementor-element-b07f2b5 e-con-full e-flex e-con e-child\" data-id=\"b07f2b5\" data-element_type=\"container\" data-e-type=\"container\">\n\t\t\t\t<div class=\"elementor-element elementor-element-0bc1683 elementor-widget__width-initial elementor-widget elementor-widget-video\" data-id=\"0bc1683\" data-element_type=\"widget\" data-e-type=\"widget\" data-settings=\"{&quot;video_type&quot;:&quot;hosted&quot;,&quot;controls&quot;:&quot;yes&quot;}\" data-widget_type=\"video.default\">\n\t\t\t\t\t\t\t<div class=\"e-hosted-video elementor-wrapper elementor-open-inline\">\n\t\t\t\t\t<video class=\"elementor-video\" src=\"https:\/\/cristinahernandez.art\/wp-content\/uploads\/2026\/01\/expo-cris.mp4\" controls=\"\" preload=\"metadata\" controlsList=\"nodownload\" poster=\"https:\/\/cristinahernandez.art\/wp-content\/uploads\/2026\/01\/cristinahernandez_04.jpg\"><\/video>\n\t\t\t\t<\/div>\n\t\t\t\t\t\t<\/div>\n\t\t\t\t<\/div>\n\t\t\t\t\t<\/div>\n\t\t\t\t<\/div>\n\t\t\t\t<\/div>\n\t\t","protected":false},"excerpt":{"rendered":"<p>Sobre mi S\u00f3c Cristina Hern\u00e1ndez, artista interdisciplin\u00e0ria de Barcelona. Crec en el poder de l\u2019art i la natura, i en la bellesa dels petits detalls per comunicar i connectar profundament a trav\u00e9s de diverses formes, llenguatges i formats. Amb experi\u00e8ncia en disseny gr\u00e0fic i direcci\u00f3 d\u2019art, la meva pr\u00e0ctica art\u00edstica s\u2019ha desenvolupat a Espanya, Austr\u00e0lia [&hellip;]<\/p>\n","protected":false},"author":1,"featured_media":599,"parent":0,"menu_order":0,"comment_status":"closed","ping_status":"closed","template":"","meta":{"_acf_changed":false,"footnotes":""},"class_list":["post-611","page","type-page","status-publish","has-post-thumbnail","hentry"],"acf":[],"_links":{"self":[{"href":"https:\/\/cristinahernandez.art\/ca\/wp-json\/wp\/v2\/pages\/611","targetHints":{"allow":["GET"]}}],"collection":[{"href":"https:\/\/cristinahernandez.art\/ca\/wp-json\/wp\/v2\/pages"}],"about":[{"href":"https:\/\/cristinahernandez.art\/ca\/wp-json\/wp\/v2\/types\/page"}],"author":[{"embeddable":true,"href":"https:\/\/cristinahernandez.art\/ca\/wp-json\/wp\/v2\/users\/1"}],"replies":[{"embeddable":true,"href":"https:\/\/cristinahernandez.art\/ca\/wp-json\/wp\/v2\/comments?post=611"}],"version-history":[{"count":11,"href":"https:\/\/cristinahernandez.art\/ca\/wp-json\/wp\/v2\/pages\/611\/revisions"}],"predecessor-version":[{"id":1903,"href":"https:\/\/cristinahernandez.art\/ca\/wp-json\/wp\/v2\/pages\/611\/revisions\/1903"}],"wp:featuredmedia":[{"embeddable":true,"href":"https:\/\/cristinahernandez.art\/ca\/wp-json\/wp\/v2\/media\/599"}],"wp:attachment":[{"href":"https:\/\/cristinahernandez.art\/ca\/wp-json\/wp\/v2\/media?parent=611"}],"curies":[{"name":"wp","href":"https:\/\/api.w.org\/{rel}","templated":true}]}}